{"id":214,"date":"2025-02-18T21:18:25","date_gmt":"2025-02-18T20:18:25","guid":{"rendered":"https:\/\/nowegranice.pl\/?page_id=214"},"modified":"2025-02-18T21:38:25","modified_gmt":"2025-02-18T20:38:25","slug":"elementor-214","status":"publish","type":"page","link":"https:\/\/nowegranice.pl\/?page_id=214","title":{"rendered":"Rozmowa Nowych Granic"},"content":{"rendered":"\n<p>RNG to podcast tworzony przez mi\u0142o\u015bnik\u00f3w sportu dla mi\u0142o\u015bnik\u00f3w sportu. <br>Prowadzimy rozmowy o bieganiu, \u017cyciu, pasjach i wyzwaniach. <br>Ze znanymi i tymi, kt\u00f3rych zna\u0107 warto.<\/p>\n\n\n\n<p>Znajdziesz nas na Youtube, Spotify i Apple Podcasts.<\/p>\n\n\n\n<p>Zasubskrybuj \u017ceby nie przegapi\u0107 nowych odcink\u00f3w.<\/p>\n\n\n<p><iframe title=\"Rozmowa Nowych Granic E01 - Marcin Horbacz\" width=\"640\" height=\"360\" src=\"https:\/\/www.youtube.com\/embed\/T607DRWcSCA?feature=oembed\" frameborder=\"0\" allow=\"accelerometer; autoplay; clipboard-write; encrypted-media; gyroscope; picture-in-picture; web-share\" referrerpolicy=\"strict-origin-when-cross-origin\" allowfullscreen><\/iframe><\/p>\n\n\n<p><iframe style=\"border-radius: 12px;\" src=\"https:\/\/open.spotify.com\/embed\/show\/65SPPi1tQEgCAb11F7WfU1?utm_source=generator\" width=\"100%\" height=\"232\" frameborder=\"0\" allowfullscreen=\"allowfullscreen\"><\/iframe><\/p>\n\n\n<p><iframe allow=\"autoplay *; encrypted-media *; fullscreen *\" frameborder=\"0\" height=\"475\" style=\"width:100%; max-width:660px; overflow:hidden; border-radius:10px;\" sandbox=\"allow-modals allow-forms allow-popups allow-same-origin allow-scripts allow-top-navigation-by-user-activation\" src=\"https:\/\/embed.podcasts.apple.com\/us\/podcast\/rozmowa-nowych-granic\/id1795120424\"><\/iframe><\/p>","protected":false},"excerpt":{"rendered":"<p>RNG to podcast tworzony przez mi\u0142o\u015bnik\u00f3w sportu dla mi\u0142o\u015bnik\u00f3w sportu. Prowadzimy rozmowy o bieganiu, \u017cyciu, pasjach i wyzwaniach. Ze znanymi i tymi, kt\u00f3rych zna\u0107 warto. Znajdziesz nas na Youtube, Spotify i Apple Podcasts. Zasubskrybuj \u017ceby nie przegapi\u0107 nowych odcink\u00f3w.<\/p>\n","protected":false},"author":2,"featured_media":0,"parent":0,"menu_order":0,"comment_status":"closed","ping_status":"closed","template":"","meta":{"footnotes":""},"class_list":["post-214","page","type-page","status-publish","hentry"],"yoast_head":"<!-- This site is optimized with the Yoast SEO plugin v23.8 - https:\/\/yoast.com\/wordpress\/plugins\/seo\/ -->\n<title>Rozmowa Nowych Granic -<\/title>\n<meta name=\"robots\" content=\"index, follow, max-snippet:-1, max-image-preview:large, max-video-preview:-1\" \/>\n<link rel=\"canonical\" href=\"https:\/\/nowegranice.pl\/?page_id=214\" \/>\n<meta property=\"og:locale\" content=\"pl_PL\" \/>\n<meta property=\"og:type\" content=\"article\" \/>\n<meta property=\"og:title\" content=\"Rozmowa Nowych Granic -\" \/>\n<meta property=\"og:description\" content=\"RNG to podcast tworzony przez mi\u0142o\u015bnik\u00f3w sportu dla mi\u0142o\u015bnik\u00f3w sportu. Prowadzimy rozmowy o bieganiu, \u017cyciu, pasjach i wyzwaniach. Ze znanymi i tymi, kt\u00f3rych zna\u0107 warto. Znajdziesz nas na Youtube, Spotify i Apple Podcasts. Zasubskrybuj \u017ceby nie przegapi\u0107 nowych odcink\u00f3w.\" \/>\n<meta property=\"og:url\" content=\"https:\/\/nowegranice.pl\/?page_id=214\" \/>\n<meta property=\"article:modified_time\" content=\"2025-02-18T20:38:25+00:00\" \/>\n<meta name=\"twitter:card\" content=\"summary_large_image\" \/>\n<meta name=\"twitter:label1\" content=\"Szacowany czas czytania\" \/>\n\t<meta name=\"twitter:data1\" content=\"1 minuta\" \/>\n<script type=\"application\/ld+json\" class=\"yoast-schema-graph\">{\"@context\":\"https:\/\/schema.org\",\"@graph\":[{\"@type\":\"WebPage\",\"@id\":\"https:\/\/nowegranice.pl\/?page_id=214\",\"url\":\"https:\/\/nowegranice.pl\/?page_id=214\",\"name\":\"Rozmowa Nowych Granic -\",\"isPartOf\":{\"@id\":\"https:\/\/nowegranice.pl\/#website\"},\"datePublished\":\"2025-02-18T20:18:25+00:00\",\"dateModified\":\"2025-02-18T20:38:25+00:00\",\"breadcrumb\":{\"@id\":\"https:\/\/nowegranice.pl\/?page_id=214#breadcrumb\"},\"inLanguage\":\"pl-PL\",\"potentialAction\":[{\"@type\":\"ReadAction\",\"target\":[\"https:\/\/nowegranice.pl\/?page_id=214\"]}]},{\"@type\":\"BreadcrumbList\",\"@id\":\"https:\/\/nowegranice.pl\/?page_id=214#breadcrumb\",\"itemListElement\":[{\"@type\":\"ListItem\",\"position\":1,\"name\":\"Home\",\"item\":\"https:\/\/nowegranice.pl\/\"},{\"@type\":\"ListItem\",\"position\":2,\"name\":\"Rozmowa Nowych Granic\"}]},{\"@type\":\"WebSite\",\"@id\":\"https:\/\/nowegranice.pl\/#website\",\"url\":\"https:\/\/nowegranice.pl\/\",\"name\":\"\",\"description\":\"Ultramaraton Zielonog\u00f3rski \/Rollercoaster\",\"potentialAction\":[{\"@type\":\"SearchAction\",\"target\":{\"@type\":\"EntryPoint\",\"urlTemplate\":\"https:\/\/nowegranice.pl\/?s={search_term_string}\"},\"query-input\":{\"@type\":\"PropertyValueSpecification\",\"valueRequired\":true,\"valueName\":\"search_term_string\"}}],\"inLanguage\":\"pl-PL\"}]}<\/script>\n<!-- \/ Yoast SEO plugin. -->","yoast_head_json":{"title":"Rozmowa Nowych Granic -","robots":{"index":"index","follow":"follow","max-snippet":"max-snippet:-1","max-image-preview":"max-image-preview:large","max-video-preview":"max-video-preview:-1"},"canonical":"https:\/\/nowegranice.pl\/?page_id=214","og_locale":"pl_PL","og_type":"article","og_title":"Rozmowa Nowych Granic -","og_description":"RNG to podcast tworzony przez mi\u0142o\u015bnik\u00f3w sportu dla mi\u0142o\u015bnik\u00f3w sportu. Prowadzimy rozmowy o bieganiu, \u017cyciu, pasjach i wyzwaniach. Ze znanymi i tymi, kt\u00f3rych zna\u0107 warto. Znajdziesz nas na Youtube, Spotify i Apple Podcasts. Zasubskrybuj \u017ceby nie przegapi\u0107 nowych odcink\u00f3w.","og_url":"https:\/\/nowegranice.pl\/?page_id=214","article_modified_time":"2025-02-18T20:38:25+00:00","twitter_card":"summary_large_image","twitter_misc":{"Szacowany czas czytania":"1 minuta"},"schema":{"@context":"https:\/\/schema.org","@graph":[{"@type":"WebPage","@id":"https:\/\/nowegranice.pl\/?page_id=214","url":"https:\/\/nowegranice.pl\/?page_id=214","name":"Rozmowa Nowych Granic -","isPartOf":{"@id":"https:\/\/nowegranice.pl\/#website"},"datePublished":"2025-02-18T20:18:25+00:00","dateModified":"2025-02-18T20:38:25+00:00","breadcrumb":{"@id":"https:\/\/nowegranice.pl\/?page_id=214#breadcrumb"},"inLanguage":"pl-PL","potentialAction":[{"@type":"ReadAction","target":["https:\/\/nowegranice.pl\/?page_id=214"]}]},{"@type":"BreadcrumbList","@id":"https:\/\/nowegranice.pl\/?page_id=214#breadcrumb","itemListElement":[{"@type":"ListItem","position":1,"name":"Home","item":"https:\/\/nowegranice.pl\/"},{"@type":"ListItem","position":2,"name":"Rozmowa Nowych Granic"}]},{"@type":"WebSite","@id":"https:\/\/nowegranice.pl\/#website","url":"https:\/\/nowegranice.pl\/","name":"","description":"Ultramaraton Zielonog\u00f3rski \/Rollercoaster","potentialAction":[{"@type":"SearchAction","target":{"@type":"EntryPoint","urlTemplate":"https:\/\/nowegranice.pl\/?s={search_term_string}"},"query-input":{"@type":"PropertyValueSpecification","valueRequired":true,"valueName":"search_term_string"}}],"inLanguage":"pl-PL"}]}},"_links":{"self":[{"href":"https:\/\/nowegranice.pl\/index.php?rest_route=\/wp\/v2\/pages\/214","targetHints":{"allow":["GET"]}}],"collection":[{"href":"https:\/\/nowegranice.pl\/index.php?rest_route=\/wp\/v2\/pages"}],"about":[{"href":"https:\/\/nowegranice.pl\/index.php?rest_route=\/wp\/v2\/types\/page"}],"author":[{"embeddable":true,"href":"https:\/\/nowegranice.pl\/index.php?rest_route=\/wp\/v2\/users\/2"}],"replies":[{"embeddable":true,"href":"https:\/\/nowegranice.pl\/index.php?rest_route=%2Fwp%2Fv2%2Fcomments&post=214"}],"version-history":[{"count":28,"href":"https:\/\/nowegranice.pl\/index.php?rest_route=\/wp\/v2\/pages\/214\/revisions"}],"predecessor-version":[{"id":246,"href":"https:\/\/nowegranice.pl\/index.php?rest_route=\/wp\/v2\/pages\/214\/revisions\/246"}],"wp:attachment":[{"href":"https:\/\/nowegranice.pl\/index.php?rest_route=%2Fwp%2Fv2%2Fmedia&parent=214"}],"curies":[{"name":"wp","href":"https:\/\/api.w.org\/{rel}","templated":true}]}}