{"id":335,"date":"2025-06-29T17:42:44","date_gmt":"2025-06-29T15:42:44","guid":{"rendered":"https:\/\/nowegranice.pl\/?page_id=335"},"modified":"2025-06-29T19:10:42","modified_gmt":"2025-06-29T17:10:42","slug":"wolontariat","status":"publish","type":"page","link":"https:\/\/nowegranice.pl\/?page_id=335","title":{"rendered":"Wolontariat"},"content":{"rendered":"\n<p>Stowarzyszenie Nowe Granice to zgrany zesp\u00f3\u0142 pasjonat\u00f3w, kt\u00f3rzy od lat organizuj\u0105 takie wydarzenia jak ultramaraton czy Rollercoaster. Jednak bez udzia\u0142u wolontariuszy \u017cadna z tych imprez nie by\u0142aby mo\u017cliwa! To w\u0142a\u015bnie dzi\u0119ki Waszemu zaanga\u017cowaniu, energii i ch\u0119ci pomocy udaje si\u0119 stworzy\u0107 wyj\u0105tkow\u0105 atmosfer\u0119 i zapewni\u0107 bezpiecze\u0144stwo uczestnikom.<\/p>\n\n\n\n<figure class=\"wp-block-image aligncenter size-large is-resized\"><img fetchpriority=\"high\" decoding=\"async\" width=\"652\" height=\"978\" src=\"https:\/\/nowegranice.pl\/wp-content\/uploads\/2025\/06\/image-1-edited.png\" alt=\"\" class=\"wp-image-341\" style=\"width:359px;height:auto\" srcset=\"https:\/\/nowegranice.pl\/wp-content\/uploads\/2025\/06\/image-1-edited.png 652w, https:\/\/nowegranice.pl\/wp-content\/uploads\/2025\/06\/image-1-edited-200x300.png 200w\" sizes=\"(max-width: 652px) 100vw, 652px\" \/><\/figure>\n\n\n\n<p><br>Wolontariusze s\u0105 dla nas nieocenion\u0105 pomoc\u0105 \u2013 razem tworzymy wyj\u0105tkow\u0105 spo\u0142eczno\u015b\u0107 ludzi pe\u0142nych pozytywnej energii. Je\u015bli chcesz do\u0142\u0105czy\u0107 do tego grona, by\u0107 cz\u0119\u015bci\u0105 niesamowitych wydarze\u0144 i zdoby\u0107 nowe do\u015bwiadczenia \u2013 zapraszamy!<br><br>Wy\u015blij do nas maila:<br>nowegranice@gmail.com<br><br>Do\u0142\u0105cz do nas i razem stw\u00f3rzmy kolejne niezapomniane chwile!<\/p>\n","protected":false},"excerpt":{"rendered":"<p>Stowarzyszenie Nowe Granice to zgrany zesp\u00f3\u0142 pasjonat\u00f3w, kt\u00f3rzy od lat organizuj\u0105 takie wydarzenia jak ultramaraton czy Rollercoaster. Jednak bez udzia\u0142u wolontariuszy \u017cadna z tych imprez nie by\u0142aby mo\u017cliwa! To w\u0142a\u015bnie dzi\u0119ki Waszemu zaanga\u017cowaniu, energii i ch\u0119ci pomocy udaje si\u0119 stworzy\u0107 wyj\u0105tkow\u0105 atmosfer\u0119 i zapewni\u0107 bezpiecze\u0144stwo uczestnikom. Wolontariusze s\u0105 dla nas nieocenion\u0105 pomoc\u0105 \u2013 razem tworzymy<\/p>\n<div class=\"more-link\">\n             <a href=\"https:\/\/nowegranice.pl\/?page_id=335\" class=\"link-btn\"><span>Czytaj dalej <\/span><i class=\"icofont-thin-double-right\"><\/i><\/a>\n        <\/div>\n","protected":false},"author":2,"featured_media":0,"parent":0,"menu_order":0,"comment_status":"closed","ping_status":"closed","template":"","meta":{"footnotes":""},"class_list":["post-335","page","type-page","status-publish","hentry"],"yoast_head":"<!-- This site is optimized with the Yoast SEO plugin v23.8 - https:\/\/yoast.com\/wordpress\/plugins\/seo\/ -->\n<title>Wolontariat -<\/title>\n<meta name=\"robots\" content=\"index, follow, max-snippet:-1, max-image-preview:large, max-video-preview:-1\" \/>\n<link rel=\"canonical\" href=\"https:\/\/nowegranice.pl\/?page_id=335\" \/>\n<meta property=\"og:locale\" content=\"pl_PL\" \/>\n<meta property=\"og:type\" content=\"article\" \/>\n<meta property=\"og:title\" content=\"Wolontariat -\" \/>\n<meta property=\"og:description\" content=\"Stowarzyszenie Nowe Granice to zgrany zesp\u00f3\u0142 pasjonat\u00f3w, kt\u00f3rzy od lat organizuj\u0105 takie wydarzenia jak ultramaraton czy Rollercoaster. Jednak bez udzia\u0142u wolontariuszy \u017cadna z tych imprez nie by\u0142aby mo\u017cliwa! To w\u0142a\u015bnie dzi\u0119ki Waszemu zaanga\u017cowaniu, energii i ch\u0119ci pomocy udaje si\u0119 stworzy\u0107 wyj\u0105tkow\u0105 atmosfer\u0119 i zapewni\u0107 bezpiecze\u0144stwo uczestnikom. Wolontariusze s\u0105 dla nas nieocenion\u0105 pomoc\u0105 \u2013 razem tworzymy        Czytaj dalej\" \/>\n<meta property=\"og:url\" content=\"https:\/\/nowegranice.pl\/?page_id=335\" \/>\n<meta property=\"article:modified_time\" content=\"2025-06-29T17:10:42+00:00\" \/>\n<meta property=\"og:image\" content=\"https:\/\/nowegranice.pl\/wp-content\/uploads\/2025\/06\/image-1-edited.png\" \/>\n\t<meta property=\"og:image:width\" content=\"652\" \/>\n\t<meta property=\"og:image:height\" content=\"978\" \/>\n\t<meta property=\"og:image:type\" content=\"image\/png\" \/>\n<meta name=\"twitter:card\" content=\"summary_large_image\" \/>\n<meta name=\"twitter:label1\" content=\"Szacowany czas czytania\" \/>\n\t<meta name=\"twitter:data1\" content=\"1 minuta\" \/>\n<script type=\"application\/ld+json\" class=\"yoast-schema-graph\">{\"@context\":\"https:\/\/schema.org\",\"@graph\":[{\"@type\":\"WebPage\",\"@id\":\"https:\/\/nowegranice.pl\/?page_id=335\",\"url\":\"https:\/\/nowegranice.pl\/?page_id=335\",\"name\":\"Wolontariat -\",\"isPartOf\":{\"@id\":\"https:\/\/nowegranice.pl\/#website\"},\"primaryImageOfPage\":{\"@id\":\"https:\/\/nowegranice.pl\/?page_id=335#primaryimage\"},\"image\":{\"@id\":\"https:\/\/nowegranice.pl\/?page_id=335#primaryimage\"},\"thumbnailUrl\":\"https:\/\/nowegranice.pl\/wp-content\/uploads\/2025\/06\/image-1-edited.png\",\"datePublished\":\"2025-06-29T15:42:44+00:00\",\"dateModified\":\"2025-06-29T17:10:42+00:00\",\"breadcrumb\":{\"@id\":\"https:\/\/nowegranice.pl\/?page_id=335#breadcrumb\"},\"inLanguage\":\"pl-PL\",\"potentialAction\":[{\"@type\":\"ReadAction\",\"target\":[\"https:\/\/nowegranice.pl\/?page_id=335\"]}]},{\"@type\":\"ImageObject\",\"inLanguage\":\"pl-PL\",\"@id\":\"https:\/\/nowegranice.pl\/?page_id=335#primaryimage\",\"url\":\"https:\/\/nowegranice.pl\/wp-content\/uploads\/2025\/06\/image-1-edited.png\",\"contentUrl\":\"https:\/\/nowegranice.pl\/wp-content\/uploads\/2025\/06\/image-1-edited.png\",\"width\":652,\"height\":978},{\"@type\":\"BreadcrumbList\",\"@id\":\"https:\/\/nowegranice.pl\/?page_id=335#breadcrumb\",\"itemListElement\":[{\"@type\":\"ListItem\",\"position\":1,\"name\":\"Home\",\"item\":\"https:\/\/nowegranice.pl\/\"},{\"@type\":\"ListItem\",\"position\":2,\"name\":\"Wolontariat\"}]},{\"@type\":\"WebSite\",\"@id\":\"https:\/\/nowegranice.pl\/#website\",\"url\":\"https:\/\/nowegranice.pl\/\",\"name\":\"\",\"description\":\"Ultramaraton Zielonog\u00f3rski \/Rollercoaster\",\"potentialAction\":[{\"@type\":\"SearchAction\",\"target\":{\"@type\":\"EntryPoint\",\"urlTemplate\":\"https:\/\/nowegranice.pl\/?s={search_term_string}\"},\"query-input\":{\"@type\":\"PropertyValueSpecification\",\"valueRequired\":true,\"valueName\":\"search_term_string\"}}],\"inLanguage\":\"pl-PL\"}]}<\/script>\n<!-- \/ Yoast SEO plugin. -->","yoast_head_json":{"title":"Wolontariat -","robots":{"index":"index","follow":"follow","max-snippet":"max-snippet:-1","max-image-preview":"max-image-preview:large","max-video-preview":"max-video-preview:-1"},"canonical":"https:\/\/nowegranice.pl\/?page_id=335","og_locale":"pl_PL","og_type":"article","og_title":"Wolontariat -","og_description":"Stowarzyszenie Nowe Granice to zgrany zesp\u00f3\u0142 pasjonat\u00f3w, kt\u00f3rzy od lat organizuj\u0105 takie wydarzenia jak ultramaraton czy Rollercoaster. Jednak bez udzia\u0142u wolontariuszy \u017cadna z tych imprez nie by\u0142aby mo\u017cliwa! To w\u0142a\u015bnie dzi\u0119ki Waszemu zaanga\u017cowaniu, energii i ch\u0119ci pomocy udaje si\u0119 stworzy\u0107 wyj\u0105tkow\u0105 atmosfer\u0119 i zapewni\u0107 bezpiecze\u0144stwo uczestnikom. Wolontariusze s\u0105 dla nas nieocenion\u0105 pomoc\u0105 \u2013 razem tworzymy        Czytaj dalej","og_url":"https:\/\/nowegranice.pl\/?page_id=335","article_modified_time":"2025-06-29T17:10:42+00:00","og_image":[{"width":652,"height":978,"url":"https:\/\/nowegranice.pl\/wp-content\/uploads\/2025\/06\/image-1-edited.png","type":"image\/png"}],"twitter_card":"summary_large_image","twitter_misc":{"Szacowany czas czytania":"1 minuta"},"schema":{"@context":"https:\/\/schema.org","@graph":[{"@type":"WebPage","@id":"https:\/\/nowegranice.pl\/?page_id=335","url":"https:\/\/nowegranice.pl\/?page_id=335","name":"Wolontariat -","isPartOf":{"@id":"https:\/\/nowegranice.pl\/#website"},"primaryImageOfPage":{"@id":"https:\/\/nowegranice.pl\/?page_id=335#primaryimage"},"image":{"@id":"https:\/\/nowegranice.pl\/?page_id=335#primaryimage"},"thumbnailUrl":"https:\/\/nowegranice.pl\/wp-content\/uploads\/2025\/06\/image-1-edited.png","datePublished":"2025-06-29T15:42:44+00:00","dateModified":"2025-06-29T17:10:42+00:00","breadcrumb":{"@id":"https:\/\/nowegranice.pl\/?page_id=335#breadcrumb"},"inLanguage":"pl-PL","potentialAction":[{"@type":"ReadAction","target":["https:\/\/nowegranice.pl\/?page_id=335"]}]},{"@type":"ImageObject","inLanguage":"pl-PL","@id":"https:\/\/nowegranice.pl\/?page_id=335#primaryimage","url":"https:\/\/nowegranice.pl\/wp-content\/uploads\/2025\/06\/image-1-edited.png","contentUrl":"https:\/\/nowegranice.pl\/wp-content\/uploads\/2025\/06\/image-1-edited.png","width":652,"height":978},{"@type":"BreadcrumbList","@id":"https:\/\/nowegranice.pl\/?page_id=335#breadcrumb","itemListElement":[{"@type":"ListItem","position":1,"name":"Home","item":"https:\/\/nowegranice.pl\/"},{"@type":"ListItem","position":2,"name":"Wolontariat"}]},{"@type":"WebSite","@id":"https:\/\/nowegranice.pl\/#website","url":"https:\/\/nowegranice.pl\/","name":"","description":"Ultramaraton Zielonog\u00f3rski \/Rollercoaster","potentialAction":[{"@type":"SearchAction","target":{"@type":"EntryPoint","urlTemplate":"https:\/\/nowegranice.pl\/?s={search_term_string}"},"query-input":{"@type":"PropertyValueSpecification","valueRequired":true,"valueName":"search_term_string"}}],"inLanguage":"pl-PL"}]}},"_links":{"self":[{"href":"https:\/\/nowegranice.pl\/index.php?rest_route=\/wp\/v2\/pages\/335","targetHints":{"allow":["GET"]}}],"collection":[{"href":"https:\/\/nowegranice.pl\/index.php?rest_route=\/wp\/v2\/pages"}],"about":[{"href":"https:\/\/nowegranice.pl\/index.php?rest_route=\/wp\/v2\/types\/page"}],"author":[{"embeddable":true,"href":"https:\/\/nowegranice.pl\/index.php?rest_route=\/wp\/v2\/users\/2"}],"replies":[{"embeddable":true,"href":"https:\/\/nowegranice.pl\/index.php?rest_route=%2Fwp%2Fv2%2Fcomments&post=335"}],"version-history":[{"count":3,"href":"https:\/\/nowegranice.pl\/index.php?rest_route=\/wp\/v2\/pages\/335\/revisions"}],"predecessor-version":[{"id":342,"href":"https:\/\/nowegranice.pl\/index.php?rest_route=\/wp\/v2\/pages\/335\/revisions\/342"}],"wp:attachment":[{"href":"https:\/\/nowegranice.pl\/index.php?rest_route=%2Fwp%2Fv2%2Fmedia&parent=335"}],"curies":[{"name":"wp","href":"https:\/\/api.w.org\/{rel}","templated":true}]}}